{"id":745,"date":"2016-03-10T18:51:46","date_gmt":"2016-03-10T18:51:46","guid":{"rendered":"http:\/\/houzez01.favethemes.com\/?page_id=745"},"modified":"2024-06-13T09:44:43","modified_gmt":"2024-06-13T09:44:43","slug":"terms-and-conditions","status":"publish","type":"page","link":"https:\/\/fisimmo.lu\/?page_id=745","title":{"rendered":"Mentions l\u00e9gales"},"content":{"rendered":"<p style=\"text-align: center;\"><strong>Mentions l\u00e9gales<\/strong><br \/>\nFIS Immobili\u00e8re S.\u00e0 r.l.<br \/>\nCapital de 12 000 \u20ac<br \/>\nSi\u00e8ge social : 47, Grand Rue L-3313 Bergem<br \/>\nTVA : LU222233715<br \/>\nImmatricul\u00e9e au Registre de Commerce de Luxembourg sous le num\u00e9ro<br \/>\nB134275<br \/>\nMatricule : 20072461720<br \/>\n<strong>Identification<\/strong><br \/>\nR\u00e9alisateur : Muric Sajo<br \/>\nLe site internet est h\u00e9berg\u00e9 sur les serveurs de Eurodns.lu (Luxembourg)<br \/>\nConditions g\u00e9n\u00e9rales d\u2019utilisation du site et des services propos\u00e9s<br \/>\nL\u2019utilisation du site www.fisimmo.lu (ci-apr\u00e8s d\u00e9nomm\u00e9 le \u00ab Site \u00bb) implique l\u2019acceptation sans r\u00e9serve des conditions g\u00e9n\u00e9rales d\u2019utilisation et mentions d\u2019avertissement ci-apr\u00e8s d\u00e9crites. Ces conditions d\u2019utilisation sont susceptibles d\u2019\u00eatre modifi\u00e9es ou compl\u00e9t\u00e9es \u00e0 tout moment, les utilisateurs du Site sont donc invit\u00e9s \u00e0 les consulter de mani\u00e8re r\u00e9guli\u00e8re.<br \/>\n<strong>Description des services fournis<\/strong><br \/>\nLe pr\u00e9sent Site est destin\u00e9 aux clients de FIS Immo S.\u00e0 r.l. et \u00e0 toute personne int\u00e9ress\u00e9e par les produits et\/ou services offerts par FIS Immo S.\u00e0 r.l.. Il a pour objet de fournir une information concernant l\u2019ensemble des activit\u00e9s de FIS Immo S.\u00e0 r.l..<br \/>\nToutes les informations indiqu\u00e9es sur le Site sont donn\u00e9es \u00e0 titre indicatif, et sont susceptibles d\u2019\u00e9voluer. Par ailleurs, les renseignements figurant sur le Site ne sont pas exhaustifs. Ils sont donn\u00e9s sous r\u00e9serve de modifications ayant \u00e9t\u00e9 apport\u00e9es depuis leur mise en ligne.<br \/>\n<strong>Droit d\u2019auteur et propri\u00e9t\u00e9 intellectuelle<\/strong><br \/>\nLa pr\u00e9sentation et le contenu du Site, incluant, sans que ce soit limitatif, le nom et les logos de FIS Immo S.\u00e0 r.l., les textes, les images, les photos et\/ou vid\u00e9os, les d\u00e9nominations commerciales, les bases de donn\u00e9es, les produits et les slogans, constituent ensemble ou s\u00e9par\u00e9ment une \u0153uvre prot\u00e9g\u00e9e par les droits d\u2019auteur et appartiennent \u00e0 FIS Immo S.\u00e0 r.l..<br \/>\n<strong>Utilisation des cookies<\/strong><br \/>\nLa navigation sur le Site est susceptible de provoquer l\u2019installation de cookie(s) sur l\u2019ordinateur de l\u2019utilisateur. Un cookie est un petit fichier texte, qui ne permet pas l\u2019identification de l\u2019utilisateur, mais enregistre des informations li\u00e9es \u00e0 la navigation d\u2019un ordinateur sur Internet. Les donn\u00e9es ainsi obtenues visent \u00e0 faciliter la navigation ult\u00e9rieure sur le Site. Si vous ne souhaitez pas permettre les cookies de notre Site, vous pouvez les bloquer ou les supprimer via les param\u00e8tres de votre navigateur. Sachez cependant que votre navigation risque d\u2019\u00eatre perturb\u00e9e si vous d\u00e9cidez de bloquer les cookies de notre Site.<br \/>\n<strong>Liens vers des sites tiers<\/strong><br \/>\nLe pr\u00e9sent Site publie r\u00e9guli\u00e8rement des liens qui renvoient \u00e0 des sites tiers ne relevant pas du contr\u00f4le de FIS Immo S.\u00e0 r.l. qui, d\u00e8s lors, d\u00e9cline toute responsabilit\u00e9 quelconque quant \u00e0 leur disponibilit\u00e9 ou \u00e0 leur contenu.<br \/>\n<strong>Limitation de responsabilit\u00e9<\/strong><br \/>\nBien que les renseignements pr\u00e9sent\u00e9s sur le Site sont consid\u00e9r\u00e9s comme exacts et \u00e0 jour, des erreurs ou omissions peuvent parfois se produire. FIS Immo S.\u00e0 r.l. ne garantit pas l\u2019exactitude, la fiabilit\u00e9 ou l\u2019exhaustivit\u00e9 de toutes les informations obtenues directement ou indirectement sur le Site et d\u00e9cline toute responsabilit\u00e9 en cas d\u2019erreur ou omission. Les informations communiqu\u00e9es sur ou t\u00e9l\u00e9chargeables depuis le Site, quelles qu\u2019elles soient, n\u2019ont aucune valeur contractuelle.<br \/>\n<strong>Loi applicable et Juridiction<\/strong><br \/>\nLe Site de FIS Immo S.\u00e0 r.l. est soumis \u00e0 la loi luxembourgeoise et rel\u00e8ve de la comp\u00e9tence exclusive des tribunaux luxembourgeois.<\/p>\n","protected":false},"excerpt":{"rendered":"<p>Mentions l\u00e9gales FIS Immobili\u00e8re S.\u00e0 r.l. Capital de 12 000 \u20ac Si\u00e8ge social : 47, Grand Rue L-3313 Bergem TVA : LU222233715 Immatricul\u00e9e au Registre de Commerce de Luxembourg sous le num\u00e9ro B134275 Matricule : 20072461720 Identification R\u00e9alisateur : Muric Sajo Le site internet est h\u00e9berg\u00e9 sur les serveurs de Eurodns.lu (Luxembourg) Conditions g\u00e9n\u00e9rales d\u2019utilisation [&hellip;]<\/p>\n","protected":false},"author":1,"featured_media":0,"parent":0,"menu_order":0,"comment_status":"closed","ping_status":"closed","template":"","meta":{"om_disable_all_campaigns":false,"_monsterinsights_skip_tracking":false,"_monsterinsights_sitenote_active":false,"_monsterinsights_sitenote_note":"","_monsterinsights_sitenote_category":0,"footnotes":""},"class_list":["post-745","page","type-page","status-publish","hentry"],"aioseo_notices":[],"jetpack_sharing_enabled":true,"_links":{"self":[{"href":"https:\/\/fisimmo.lu\/index.php?rest_route=\/wp\/v2\/pages\/745","targetHints":{"allow":["GET"]}}],"collection":[{"href":"https:\/\/fisimmo.lu\/index.php?rest_route=\/wp\/v2\/pages"}],"about":[{"href":"https:\/\/fisimmo.lu\/index.php?rest_route=\/wp\/v2\/types\/page"}],"author":[{"embeddable":true,"href":"https:\/\/fisimmo.lu\/index.php?rest_route=\/wp\/v2\/users\/1"}],"replies":[{"embeddable":true,"href":"https:\/\/fisimmo.lu\/index.php?rest_route=%2Fwp%2Fv2%2Fcomments&post=745"}],"version-history":[{"count":3,"href":"https:\/\/fisimmo.lu\/index.php?rest_route=\/wp\/v2\/pages\/745\/revisions"}],"predecessor-version":[{"id":43861,"href":"https:\/\/fisimmo.lu\/index.php?rest_route=\/wp\/v2\/pages\/745\/revisions\/43861"}],"wp:attachment":[{"href":"https:\/\/fisimmo.lu\/index.php?rest_route=%2Fwp%2Fv2%2Fmedia&parent=745"}],"curies":[{"name":"wp","href":"https:\/\/api.w.org\/{rel}","templated":true}]}}